{"id":165,"date":"2025-10-07T10:07:00","date_gmt":"2025-10-07T10:07:00","guid":{"rendered":"http:\/\/picherot-sophrologie.fr\/?page_id=165"},"modified":"2025-11-18T09:58:39","modified_gmt":"2025-11-18T09:58:39","slug":"doula-2","status":"publish","type":"page","link":"https:\/\/picherot-sophrologie.fr\/index.php\/doula-2\/","title":{"rendered":"Doula"},"content":{"rendered":"<div data-colibri-id=\"165-c1\" class=\"style-285 style-local-165-c1 position-relative\">\n  <!---->\n  <div data-colibri-component=\"section\" data-colibri-id=\"165-c2\" id=\"custom\" class=\"h-section h-section-global-spacing d-flex align-items-lg-center align-items-md-center align-items-center style-286 style-local-165-c2 position-relative\">\n    <!---->\n    <!---->\n    <div class=\"h-section-grid-container h-section-boxed-container\">\n      <!---->\n      <div data-colibri-id=\"165-c3\" class=\"h-row-container gutters-row-lg-2 gutters-row-md-2 gutters-row-0 gutters-row-v-lg-2 gutters-row-v-md-2 gutters-row-v-2 style-287 style-local-165-c3 position-relative\">\n        <!---->\n        <div class=\"h-row justify-content-lg-center justify-content-md-center justify-content-center align-items-lg-stretch align-items-md-stretch align-items-stretch gutters-col-lg-2 gutters-col-md-2 gutters-col-0 gutters-col-v-lg-2 gutters-col-v-md-2 gutters-col-v-2\">\n          <!---->\n          <div class=\"h-column h-column-container d-flex h-col-lg-auto h-col-md-auto h-col-auto style-288-outer style-local-165-c4-outer\">\n            <div data-colibri-id=\"165-c4\" class=\"d-flex h-flex-basis h-column__inner h-px-lg-2 h-px-md-2 h-px-2 v-inner-lg-2 v-inner-md-2 v-inner-2 style-288 style-local-165-c4 position-relative\">\n              <!---->\n              <!---->\n              <div class=\"w-100 h-y-container h-column__content h-column__v-align flex-basis-100 align-self-lg-start align-self-md-start align-self-start\">\n                <!---->\n                <div data-colibri-id=\"165-c6\" class=\"d-block style-290 style-local-165-c6 position-relative h-element\">\n                  <!---->\n                  <div class=\"h-image__frame-container-outer\">\n                    <div class=\"h-image__frame-container\">\n                      <!---->\n                      <!---->\n                      <img loading=\"lazy\" decoding=\"async\" width=\"1080\" height=\"1080\" src=\"http:\/\/picherot-sophrologie.fr\/wp-content\/uploads\/2025\/10\/cropped-4.jpg\" class=\"wp-image-283 style-290-image style-local-165-c6-image\" alt=\"doula grossesse femme enceinte suivi accompagnement lille\" srcset=\"https:\/\/picherot-sophrologie.fr\/wp-content\/uploads\/2025\/10\/cropped-4.jpg 1080w, https:\/\/picherot-sophrologie.fr\/wp-content\/uploads\/2025\/10\/cropped-4-300x300.jpg 300w, https:\/\/picherot-sophrologie.fr\/wp-content\/uploads\/2025\/10\/cropped-4-1024x1024.jpg 1024w, https:\/\/picherot-sophrologie.fr\/wp-content\/uploads\/2025\/10\/cropped-4-150x150.jpg 150w, https:\/\/picherot-sophrologie.fr\/wp-content\/uploads\/2025\/10\/cropped-4-768x768.jpg 768w\" sizes=\"auto, (max-width: 1080px) 100vw, 1080px\" \/>\n                      <div class=\"h-image__frame h-hide-lg h-hide-md h-hide-sm style-290-frameImage style-local-165-c6-frameImage\"><\/div>\n                    <\/div>\n                  <\/div>\n                <\/div>\n              <\/div>\n            <\/div>\n          <\/div>\n          <div class=\"h-column h-column-container d-flex h-col-lg-auto h-col-md-auto h-col-auto style-289-outer style-local-165-c5-outer\">\n            <div data-colibri-id=\"165-c5\" class=\"d-flex h-flex-basis h-column__inner h-px-lg-2 h-px-md-2 h-px-2 v-inner-lg-2 v-inner-md-2 v-inner-2 style-289 style-local-165-c5 position-relative\">\n              <!---->\n              <!---->\n              <div class=\"w-100 h-y-container h-column__content h-column__v-align flex-basis-100 align-self-lg-start align-self-md-start align-self-start\">\n                <!---->\n                <div data-colibri-id=\"165-c7\" class=\"h-text h-text-component style-291 style-local-165-c7 position-relative h-element\">\n                  <!---->\n                  <!---->\n                  <div class=\"\">\n                    <p>\u00ab\u00a0Une doula est une femme aux cot\u00e9s de la femme enceinte et de ceux qui l\u2019entourent, elle est \u00e0 l\u2019\u00e9coute de ses d\u00e9sirs, ses besoins et la suit dans ses choix. Elle propose un accompagnement dans la continuit\u00e9, une relation de confiance,\n                      de complicit\u00e9 et d\u2019intimit\u00e9 de femme \u00e0 femme.\u00a0\u00bb Association Doulas de France<\/p>\n                    <p>Un accompagnement et une \u00e9coute \u00e0 chaque \u00e9tape de la parentalit\u00e9.<\/p>\n                    <p>Avant la grossesse : un accompagnement d\u00e8s le d\u00e9sir d&rsquo;enfant, accompagnement des parcours PMA<\/p>\n                    <p>Pendant la grossesse : un accompagnement de ce qui vous anime, de ce qui vous fait envie, de vos \u00e9motions, de vos questionnements, de votre cheminement, de votre projet de naissance<\/p>\n                    <p>Pendant l&rsquo;accouchement : s&rsquo;il s&rsquo;agit d&rsquo;une volont\u00e9 de votre part et en fonction des possibilit\u00e9s offertes par le lieu d&rsquo;accouchement<\/p>\n                    <p>Pendant le post-partum : un accompagnement dans votre nouveau r\u00f4le, un soutien pour l&rsquo;allaitement, un accompagnement par le rebozo, une aide logistique, un oreille attentive mais discr\u00e8te &#8230;<\/p>\n                    <p>\n                      <br>\n                    <\/p>\n                  <\/div>\n                <\/div>\n              <\/div>\n            <\/div>\n          <\/div>\n        <\/div>\n      <\/div>\n    <\/div>\n  <\/div>\n  <div data-colibri-component=\"section\" data-colibri-id=\"165-c12\" id=\"custom-2\" class=\"h-section h-section-global-spacing d-flex align-items-lg-center align-items-md-center align-items-center style-296 style-local-165-c12 position-relative\">\n    <!---->\n    <!---->\n    <div class=\"h-section-grid-container h-section-boxed-container\">\n      <!---->\n      <div data-colibri-id=\"165-c15\" class=\"h-row-container gutters-row-lg-2 gutters-row-md-2 gutters-row-0 gutters-row-v-lg-2 gutters-row-v-md-2 gutters-row-v-2 style-299 style-local-165-c15 position-relative\">\n        <!---->\n        <div class=\"h-row justify-content-lg-center justify-content-md-center justify-content-center align-items-lg-stretch align-items-md-stretch align-items-stretch gutters-col-lg-2 gutters-col-md-2 gutters-col-0 gutters-col-v-lg-2 gutters-col-v-md-2 gutters-col-v-2\">\n          <!---->\n          <div class=\"h-column h-column-container d-flex h-col-lg-auto h-col-md-auto h-col-auto style-300-outer style-local-165-c16-outer\">\n            <div data-colibri-id=\"165-c16\" class=\"d-flex h-flex-basis h-column__inner h-px-lg-2 h-px-md-2 h-px-2 v-inner-lg-2 v-inner-md-2 v-inner-2 style-300 style-local-165-c16 position-relative\">\n              <!---->\n              <!---->\n              <div class=\"w-100 h-y-container h-column__content h-column__v-align flex-basis-100 align-self-lg-start align-self-md-start align-self-start\">\n                <!---->\n                <div data-colibri-id=\"165-c17\" class=\"h-text h-text-component style-301 style-local-165-c17 position-relative h-element\">\n                  <!---->\n                  <!---->\n                  <div class=\"\">\n                    <p>Avoir une doula pour un accompagnement personnalis\u00e9 et non m\u00e9dical.<\/p>\n                    <p>Qu\u2019est-ce qu\u2019une Doula ?<\/p>\n                    <p>Une Doula est une femme qui accompagne une femme, un couple ou une famille lors de grandes \u00e9tapes de vie et ce de mani\u00e8re non m\u00e9dicale (c\u2019est en compl\u00e9ment d\u2019un accompagnement par une sage-femme, un gyn\u00e9cologue, un m\u00e9decin&#8230;).<\/p>\n                    <p>Quels accompagnements s\u2019offrent \u00e0 moi ?<\/p>\n                    <p>Les accompagnements sont vari\u00e9s et concernent les suivis avant, pendant et apr\u00e8s la grossesse et l\u2019accouchement. Il est possible de r\u00e9aliser des exercices de sophrologie, de r\u00e9diger un plan de naissance, de discuter, de s\u2019informer,\n                      d\u2019organiser un blessing way&#8230;<\/p>\n                    <p>O\u00f9 se d\u00e9roule l\u2019accompagnement ?<\/p>\n                    <p>Les accompagnements se d\u00e9roulent soit au cabinet, soit chez vous, soit en visio. Tout d\u00e9pend de la nature de votre demande et de ce que vous souhaitez pour votre accompagnement.<\/p>\n                    <p>Je reste particuli\u00e8rement disponible dans les accompagnements par message \/ t\u00e9l\u00e9phone \/ mail.<\/p>\n                    <p>En revanche je m\u2019autorise \u00e0 ne pas r\u00e9pondre dans l\u2019imm\u00e9diat.<\/p>\n                  <\/div>\n                <\/div>\n              <\/div>\n            <\/div>\n          <\/div>\n        <\/div>\n      <\/div>\n    <\/div>\n  <\/div>\n  <div data-colibri-component=\"section\" data-colibri-id=\"165-c26\" id=\"custom-3\" class=\"h-section h-section-global-spacing d-flex align-items-lg-center align-items-md-center align-items-center style-310 style-local-165-c26 position-relative\">\n    <!---->\n    <!---->\n    <div class=\"h-section-grid-container h-section-boxed-container\">\n      <!---->\n      <div data-colibri-id=\"165-c27\" class=\"h-row-container gutters-row-lg-2 gutters-row-md-2 gutters-row-0 gutters-row-v-lg-2 gutters-row-v-md-2 gutters-row-v-2 style-311 style-local-165-c27 position-relative\">\n        <!---->\n        <div class=\"h-row justify-content-lg-center justify-content-md-center justify-content-center align-items-lg-stretch align-items-md-stretch align-items-stretch gutters-col-lg-2 gutters-col-md-2 gutters-col-0 gutters-col-v-lg-2 gutters-col-v-md-2 gutters-col-v-2\">\n          <!---->\n          <div class=\"h-column h-column-container d-flex h-col-lg-auto h-col-md-auto h-col-auto style-312-outer style-local-165-c28-outer\">\n            <div data-colibri-id=\"165-c28\" class=\"d-flex h-flex-basis h-column__inner h-px-lg-2 h-px-md-2 h-px-2 v-inner-lg-2 v-inner-md-2 v-inner-2 style-312 style-local-165-c28 position-relative\">\n              <!---->\n              <!---->\n              <div class=\"w-100 h-y-container h-column__content h-column__v-align flex-basis-100 align-self-lg-start align-self-md-start align-self-start\">\n                <!---->\n                <div data-colibri-id=\"165-c31\" class=\"h-text h-text-component style-315 style-local-165-c31 position-relative h-element\">\n                  <!---->\n                  <!---->\n                  <div class=\"\">\n                    <p><strong>La s\u00e9ance ponctuelle de<\/strong><\/p>\n                    <p><strong>1h30 \u00e0 2h<\/strong><\/p>\n                    <p><strong>120\u20ac<\/strong><\/p>\n                    <ul>\n                      <li>Au cabinet<\/li>\n                      <li>Avant, pendant ou apr\u00e8s la grossesse<\/li>\n                      <li>Individuelle ou en couple<\/li>\n                      <li>Possibilit\u00e9 de faire du massage \/ bercements au rebozo<\/li>\n                      <li>Possibilit\u00e9 de faire de la sophrologie<\/li>\n                      <li>Toute l&rsquo;\u00e9coute et les pr\u00e9parations dont vous avez besoin (\u00e9coute, informations, ressources, Blessing Way &#8230;)<\/li>\n                      <li>Disponibilit\u00e9 par messages<\/li>\n                    <\/ul>\n                    <p>\n                      <br>\n                    <\/p>\n                  <\/div>\n                <\/div>\n              <\/div>\n            <\/div>\n          <\/div>\n          <div class=\"h-column h-column-container d-flex h-col-lg-auto h-col-md-auto h-col-auto style-313-outer style-local-165-c29-outer\">\n            <div data-colibri-id=\"165-c29\" class=\"d-flex h-flex-basis h-column__inner h-px-lg-2 h-px-md-2 h-px-2 v-inner-lg-2 v-inner-md-2 v-inner-2 style-313 style-local-165-c29 position-relative\">\n              <!---->\n              <!---->\n              <div class=\"w-100 h-y-container h-column__content h-column__v-align flex-basis-100 align-self-lg-start align-self-md-start align-self-start\">\n                <!---->\n                <div data-colibri-id=\"165-c32\" class=\"h-text h-text-component style-316 style-local-165-c32 position-relative h-element\">\n                  <!---->\n                  <!---->\n                  <div class=\"\">\n                    <p><strong>La formule \u00ab\u00a0Douceur\u00a0\u00bb<\/strong><\/p>\n                    <p><strong>400\u20ac<\/strong><\/p>\n                    <ul>\n                      <li>Forfait de 4 rencontres de 2h avant ou apr\u00e8s la naissance (jusqu&rsquo;aux 6 mois du b\u00e9b\u00e9)<\/li>\n                      <li>Au cabinet<\/li>\n                      <li>Individuelle ou en couple<\/li>\n                      <li>Possibilit\u00e9 de faire du massage \/ bercements au rebozo<\/li>\n                      <li>Possibilit\u00e9 du serrage de bassin en post-partum (\u00e0 la maison)<\/li>\n                      <li>Possibilit\u00e9 de faire de la sophrologie<\/li>\n                      <li>Toute l&rsquo;\u00e9coute et les pr\u00e9parations dont vous avez besoin (\u00e9coute, informations, ressources &#8230;)<\/li>\n                      <li>Disponibilit\u00e9 par messages \/ appels<\/li>\n                    <\/ul>\n                    <p>\n                      <br>\n                    <\/p>\n                  <\/div>\n                <\/div>\n              <\/div>\n            <\/div>\n          <\/div>\n          <div class=\"h-column h-column-container d-flex h-col-lg-auto h-col-md-auto h-col-auto style-314-outer style-local-165-c30-outer\">\n            <div data-colibri-id=\"165-c30\" class=\"d-flex h-flex-basis h-column__inner h-px-lg-2 h-px-md-2 h-px-2 v-inner-lg-2 v-inner-md-2 v-inner-2 style-314 style-local-165-c30 position-relative\">\n              <!---->\n              <!---->\n              <div class=\"w-100 h-y-container h-column__content h-column__v-align flex-basis-100 align-self-lg-start align-self-md-start align-self-start\">\n                <!---->\n                <div data-colibri-id=\"165-c33\" class=\"h-text h-text-component style-317 style-local-165-c33 position-relative h-element\">\n                  <!---->\n                  <!---->\n                  <div class=\"\">\n                    <p><strong>La formule \u00ab\u00a0Ocytocine\u00a0\u00bb<\/strong><\/p>\n                    <p><strong>700\u20ac (possibilit\u00e9 de payer en deux fois)<\/strong><\/p>\n                    <ul>\n                      <li>Forfait de 6 rencontres de 2h avant ou apr\u00e8s la naissance (jusqu&rsquo;aux 12 mois du b\u00e9b\u00e9)<\/li>\n                      <li>Au cabinet ou \u00e0 domicile<\/li>\n                      <li>Individuelle ou en couple<\/li>\n                      <li>Possibilit\u00e9 de faire du massage \/ bercements au rebozo<\/li>\n                      <li>Possibilit\u00e9 du serrage de bassin en post-partum (\u00e0 la maison)<\/li>\n                      <li>Possibilit\u00e9 de soins post partum<\/li>\n                      <li>Possibilit\u00e9 de faire de la sophrologie<\/li>\n                      <li>Toute l&rsquo;\u00e9coute et les pr\u00e9parations dont vous avez besoin (\u00e9coute, informations, ressources &#8230;)<\/li>\n                      <li>Disponibilit\u00e9 par messages \/ appels<\/li>\n                    <\/ul>\n                    <p>\n                      <br>\n                    <\/p>\n                  <\/div>\n                <\/div>\n              <\/div>\n            <\/div>\n          <\/div>\n        <\/div>\n      <\/div>\n    <\/div>\n  <\/div>\n  <div data-colibri-component=\"section\" data-colibri-id=\"165-c34\" id=\"custom-4\" class=\"h-section h-section-global-spacing d-flex align-items-lg-center align-items-md-center align-items-center style-318 style-local-165-c34 position-relative\">\n    <!---->\n    <!---->\n    <div class=\"h-section-grid-container h-section-boxed-container\">\n      <!---->\n      <div data-colibri-id=\"165-c35\" class=\"h-row-container gutters-row-lg-2 gutters-row-md-2 gutters-row-0 gutters-row-v-lg-2 gutters-row-v-md-2 gutters-row-v-2 style-319 style-local-165-c35 position-relative\">\n        <!---->\n        <div class=\"h-row justify-content-lg-center justify-content-md-center justify-content-center align-items-lg-stretch align-items-md-stretch align-items-stretch gutters-col-lg-2 gutters-col-md-2 gutters-col-0 gutters-col-v-lg-2 gutters-col-v-md-2 gutters-col-v-2\">\n          <!---->\n          <div class=\"h-column h-column-container d-flex h-col-lg-auto h-col-md-auto h-col-auto style-320-outer style-local-165-c36-outer\">\n            <div data-colibri-id=\"165-c36\" class=\"d-flex h-flex-basis h-column__inner h-px-lg-2 h-px-md-2 h-px-2 v-inner-lg-2 v-inner-md-2 v-inner-2 style-320 style-local-165-c36 position-relative\">\n              <!---->\n              <!---->\n              <div class=\"w-100 h-y-container h-column__content h-column__v-align flex-basis-100 align-self-lg-start align-self-md-start align-self-start\">\n                <!---->\n                <div data-colibri-id=\"165-c39\" class=\"h-text h-text-component style-323 style-local-165-c39 position-relative h-element\">\n                  <!---->\n                  <!---->\n                  <div class=\"\">\n                    <p><strong>La formule \u00ab\u00a0Cocon\u00a0\u00bb<\/strong><\/p>\n                    <p><strong>1000\u20ac (possibilit\u00e9 de payer en trois fois)<\/strong><\/p>\n                    <ul>\n                      <li>Forfait de 12 rencontres de 2h avant ou apr\u00e8s la naissance (jusqu&rsquo;aux 12 mois du b\u00e9b\u00e9)<\/li>\n                      <li>Au cabinet ou \u00e0 domicile<\/li>\n                      <li>Individuelle ou en couple<\/li>\n                      <li>Possibilit\u00e9 de faire du massage \/ bercements au rebozo<\/li>\n                      <li>Possibilit\u00e9 du serrage de bassin en post-partum (\u00e0 la maison)<\/li>\n                      <li>Possibilit\u00e9 de soins post partum<\/li>\n                      <li>Possibilit\u00e9 de faire de la sophrologie<\/li>\n                      <li>Toute l&rsquo;\u00e9coute et les pr\u00e9parations dont vous avez besoin (\u00e9coute, informations, ressources&#8230;)<\/li>\n                      <li>Disponibilit\u00e9 par messages \/ appels<\/li>\n                      <li>Pr\u00eats de livres<\/li>\n                      <li>Temps de cuisine \/ livraison de repas<\/li>\n                    <\/ul>\n                    <p>\n                      <br>\n                    <\/p>\n                  <\/div>\n                <\/div>\n              <\/div>\n            <\/div>\n          <\/div>\n          <div class=\"h-column h-column-container d-flex h-col-lg-auto h-col-md-auto h-col-auto style-321-outer style-local-165-c37-outer\">\n            <div data-colibri-id=\"165-c37\" class=\"d-flex h-flex-basis h-column__inner h-px-lg-2 h-px-md-2 h-px-2 v-inner-lg-2 v-inner-md-2 v-inner-2 style-321 style-local-165-c37 position-relative\">\n              <!---->\n              <!---->\n              <div class=\"w-100 h-y-container h-column__content h-column__v-align flex-basis-100 align-self-lg-start align-self-md-start align-self-start\">\n                <!---->\n                <div data-colibri-id=\"165-c40\" class=\"h-text h-text-component style-324 style-local-165-c40 position-relative h-element\">\n                  <!---->\n                  <!---->\n                  <div class=\"\">\n                    <p><strong>Pr\u00e9sence \u00e0 l&rsquo;accouchement<\/strong><\/p>\n                    <p><strong>500\u20ac<\/strong><\/p>\n                    <ul>\n                      <li>A d\u00e9finir ensemble<\/li>\n                      <li>P\u00e9riode d&rsquo;astreinte<\/li>\n                    <\/ul>\n                    <p>\n                      <br>\n                    <\/p>\n                  <\/div>\n                <\/div>\n              <\/div>\n            <\/div>\n          <\/div>\n          <div class=\"h-column h-column-container d-flex h-col-lg-auto h-col-md-auto h-col-auto style-322-outer style-local-165-c38-outer\">\n            <div data-colibri-id=\"165-c38\" class=\"d-flex h-flex-basis h-column__inner h-px-lg-2 h-px-md-2 h-px-2 v-inner-lg-2 v-inner-md-2 v-inner-2 style-322 style-local-165-c38 position-relative\">\n              <!---->\n              <!---->\n              <div class=\"w-100 h-y-container h-column__content h-column__v-align flex-basis-100 align-self-lg-start align-self-md-start align-self-start\">\n                <!---->\n                <div data-colibri-id=\"165-c41\" class=\"h-text h-text-component style-325 style-local-165-c41 position-relative h-element\">\n                  <!---->\n                  <!---->\n                  <div class=\"\">\n                    <p><strong>La formule \u00ab\u00a0Mois d&rsquo;Or\u00a0\u00bb<\/strong><\/p>\n                    <p><strong>180\u20ac<\/strong><\/p>\n                    <ul>\n                      <li>Un temps de 3h de pr\u00e9paration \u00e0 votre domicile des repas en pr\u00e9vision du post-partum (courses \u00e0 votre charge)<\/li>\n                      <li>Possibilit\u00e9 d&rsquo;y inclure un temps de soin au rebozo (serrage du bassin uniquement)<\/li>\n                    <\/ul>\n                    <p>\n                      <br>\n                    <\/p>\n                  <\/div>\n                <\/div>\n              <\/div>\n            <\/div>\n          <\/div>\n        <\/div>\n      <\/div>\n    <\/div>\n  <\/div>\n  <div data-colibri-component=\"section\" data-colibri-id=\"165-c42\" id=\"custom-5\" class=\"h-section h-section-global-spacing d-flex align-items-lg-center align-items-md-center align-items-center style-326 style-local-165-c42 position-relative\">\n    <!---->\n    <!---->\n    <div class=\"h-section-grid-container h-section-boxed-container\">\n      <!---->\n      <div data-colibri-id=\"165-c43\" class=\"h-row-container gutters-row-lg-2 gutters-row-md-2 gutters-row-0 gutters-row-v-lg-2 gutters-row-v-md-2 gutters-row-v-2 style-327 style-local-165-c43 position-relative\">\n        <!---->\n        <div class=\"h-row justify-content-lg-center justify-content-md-center justify-content-center align-items-lg-stretch align-items-md-stretch align-items-stretch gutters-col-lg-2 gutters-col-md-2 gutters-col-0 gutters-col-v-lg-2 gutters-col-v-md-2 gutters-col-v-2\">\n          <!---->\n          <div class=\"h-column h-column-container d-flex h-col-lg-auto h-col-md-auto h-col-auto style-328-outer style-local-165-c44-outer\">\n            <div data-colibri-id=\"165-c44\" class=\"d-flex h-flex-basis h-column__inner h-px-lg-2 h-px-md-2 h-px-2 v-inner-lg-2 v-inner-md-2 v-inner-2 style-328 style-local-165-c44 position-relative\">\n              <!---->\n              <!---->\n              <div class=\"w-100 h-y-container h-column__content h-column__v-align flex-basis-100 align-self-lg-start align-self-md-start align-self-start\">\n                <!---->\n                <div data-colibri-id=\"165-c45\" class=\"h-text h-text-component style-329 style-local-165-c45 position-relative h-element\">\n                  <!---->\n                  <!---->\n                  <div class=\"\">\n                    <p><span style=\"font-weight: 400; font-size: 16px; font-family: &quot;Nunito Sans&quot;; color: rgb(28, 28, 36);\">Le Blessing Way et le soin rituel rebozo sont des prestations suppl\u00e9mentaires qui ne peuvent pas \u00eatre comprises dans ces formules.<\/span><\/p>\n                  <\/div>\n                <\/div>\n              <\/div>\n            <\/div>\n          <\/div>\n        <\/div>\n      <\/div>\n    <\/div>\n  <\/div>\n<\/div>","protected":false},"excerpt":{"rendered":"<p>\u00ab\u00a0Une doula est une femme aux cot\u00e9s de la femme enceinte et de ceux qui l\u2019entourent, elle est \u00e0 l\u2019\u00e9coute de ses d\u00e9sirs, ses besoins et la suit dans ses choix. Elle propose un accompagnement dans la continuit\u00e9, une relation de confiance, de complicit\u00e9 et d\u2019intimit\u00e9 de femme \u00e0 femme.\u00a0\u00bb Association Doulas de France Un [&hellip;]<\/p>\n","protected":false},"author":1,"featured_media":0,"parent":0,"menu_order":0,"comment_status":"closed","ping_status":"closed","template":"page-templates\/full-width-page.php","meta":{"footnotes":""},"class_list":["post-165","page","type-page","status-publish","hentry"],"_links":{"self":[{"href":"https:\/\/picherot-sophrologie.fr\/index.php\/wp-json\/wp\/v2\/pages\/165","targetHints":{"allow":["GET"]}}],"collection":[{"href":"https:\/\/picherot-sophrologie.fr\/index.php\/wp-json\/wp\/v2\/pages"}],"about":[{"href":"https:\/\/picherot-sophrologie.fr\/index.php\/wp-json\/wp\/v2\/types\/page"}],"author":[{"embeddable":true,"href":"https:\/\/picherot-sophrologie.fr\/index.php\/wp-json\/wp\/v2\/users\/1"}],"replies":[{"embeddable":true,"href":"https:\/\/picherot-sophrologie.fr\/index.php\/wp-json\/wp\/v2\/comments?post=165"}],"version-history":[{"count":4,"href":"https:\/\/picherot-sophrologie.fr\/index.php\/wp-json\/wp\/v2\/pages\/165\/revisions"}],"predecessor-version":[{"id":299,"href":"https:\/\/picherot-sophrologie.fr\/index.php\/wp-json\/wp\/v2\/pages\/165\/revisions\/299"}],"wp:attachment":[{"href":"https:\/\/picherot-sophrologie.fr\/index.php\/wp-json\/wp\/v2\/media?parent=165"}],"curies":[{"name":"wp","href":"https:\/\/api.w.org\/{rel}","templated":true}]}}