{"id":11,"date":"2025-10-06T12:03:13","date_gmt":"2025-10-06T12:03:13","guid":{"rendered":"http:\/\/picherot-sophrologie.fr\/index.php\/hillstar\/"},"modified":"2025-10-22T10:21:32","modified_gmt":"2025-10-22T10:21:32","slug":"hillstar","status":"publish","type":"page","link":"https:\/\/picherot-sophrologie.fr\/","title":{"rendered":"Front Page"},"content":{"rendered":"<div data-colibri-id=\"11-c1\" class=\"style-184 style-local-11-c1 position-relative\">\n  <!---->\n  <div data-colibri-component=\"section\" data-colibri-id=\"11-c2\" id=\"custom-3\" class=\"h-section h-section-global-spacing d-flex align-items-lg-center align-items-md-center align-items-center style-246 style-local-11-c2 position-relative\">\n    <!---->\n    <!---->\n    <div class=\"h-section-grid-container h-section-boxed-container\">\n      <!---->\n      <div data-colibri-id=\"11-c3\" class=\"h-row-container gutters-row-lg-2 gutters-row-md-2 gutters-row-0 gutters-row-v-lg-2 gutters-row-v-md-2 gutters-row-v-2 style-247 style-local-11-c3 position-relative\">\n        <!---->\n        <div class=\"h-row justify-content-lg-center justify-content-md-center justify-content-center align-items-lg-stretch align-items-md-stretch align-items-stretch gutters-col-lg-2 gutters-col-md-2 gutters-col-0 gutters-col-v-lg-2 gutters-col-v-md-2 gutters-col-v-2\">\n          <!---->\n          <div class=\"h-column h-column-container d-flex h-col-lg-auto h-col-md-auto h-col-auto style-248-outer style-local-11-c4-outer\">\n            <div data-colibri-id=\"11-c4\" class=\"d-flex h-flex-basis h-column__inner h-px-lg-2 h-px-md-2 h-px-2 v-inner-lg-2 v-inner-md-2 v-inner-2 style-248 style-local-11-c4 position-relative\">\n              <!---->\n              <!---->\n              <div class=\"w-100 h-y-container h-column__content h-column__v-align flex-basis-100 align-self-lg-start align-self-md-start align-self-start\">\n                <!---->\n                <div data-colibri-id=\"11-c5\" class=\"d-block style-253 style-local-11-c5 position-relative h-element\">\n                  <!---->\n                  <div class=\"h-image__frame-container-outer\">\n                    <a href=\"http:\/\/picherot-sophrologie.fr\/index.php\/sophrologie-2\/\" h-use-smooth-scroll=\"true\" class=\"image-link\">\n                      <div class=\"h-image__frame-container\">\n                        <!---->\n                        <!---->\n                        <img loading=\"lazy\" decoding=\"async\" width=\"500\" height=\"500\" src=\"http:\/\/picherot-sophrologie.fr\/wp-content\/uploads\/2025\/10\/cropped-sophrologie-1.jpg\" class=\"wp-image-235 style-253-image style-local-11-c5-image\" alt=\"sophrologie logo Lille accompagnement\" srcset=\"https:\/\/picherot-sophrologie.fr\/wp-content\/uploads\/2025\/10\/cropped-sophrologie-1.jpg 500w, https:\/\/picherot-sophrologie.fr\/wp-content\/uploads\/2025\/10\/cropped-sophrologie-1-300x300.jpg 300w, https:\/\/picherot-sophrologie.fr\/wp-content\/uploads\/2025\/10\/cropped-sophrologie-1-150x150.jpg 150w\" sizes=\"auto, (max-width: 500px) 100vw, 500px\" \/>\n                        <div class=\"h-image__frame h-hide-lg h-hide-md h-hide-sm style-253-frameImage style-local-11-c5-frameImage\"><\/div>\n                      <\/div>\n                    <\/a>\n                  <\/div>\n                <\/div>\n              <\/div>\n            <\/div>\n          <\/div>\n          <div class=\"h-column h-column-container d-flex h-col-lg-auto h-col-md-auto h-col-auto style-249-outer style-local-11-c6-outer\">\n            <div data-colibri-id=\"11-c6\" class=\"d-flex h-flex-basis h-column__inner h-px-lg-2 h-px-md-2 h-px-2 v-inner-lg-2 v-inner-md-2 v-inner-2 style-249 style-local-11-c6 position-relative\">\n              <!---->\n              <!---->\n              <div class=\"w-100 h-y-container h-column__content h-column__v-align flex-basis-100 align-self-lg-start align-self-md-start align-self-start\">\n                <!---->\n                <div data-colibri-id=\"11-c7\" class=\"d-block style-254 style-local-11-c7 position-relative h-element\">\n                  <!---->\n                  <div class=\"h-image__frame-container-outer\">\n                    <a href=\"http:\/\/picherot-sophrologie.fr\/index.php\/respitherapie\/\" h-use-smooth-scroll=\"true\" class=\"image-link\">\n                      <div class=\"h-image__frame-container\">\n                        <!---->\n                        <!---->\n                        <img loading=\"lazy\" decoding=\"async\" width=\"500\" height=\"500\" src=\"http:\/\/picherot-sophrologie.fr\/wp-content\/uploads\/2025\/10\/cropped-respiration-1.jpg\" class=\"wp-image-236 style-254-image style-local-11-c7-image\" alt=\"respith\u00e9rapie respiration Lille accompagnement\" srcset=\"https:\/\/picherot-sophrologie.fr\/wp-content\/uploads\/2025\/10\/cropped-respiration-1.jpg 500w, https:\/\/picherot-sophrologie.fr\/wp-content\/uploads\/2025\/10\/cropped-respiration-1-300x300.jpg 300w, https:\/\/picherot-sophrologie.fr\/wp-content\/uploads\/2025\/10\/cropped-respiration-1-150x150.jpg 150w\" sizes=\"auto, (max-width: 500px) 100vw, 500px\" \/>\n                        <div class=\"h-image__frame h-hide-lg h-hide-md h-hide-sm style-254-frameImage style-local-11-c7-frameImage\"><\/div>\n                      <\/div>\n                    <\/a>\n                  <\/div>\n                <\/div>\n              <\/div>\n            <\/div>\n          <\/div>\n          <div class=\"h-column h-column-container d-flex h-col-lg-auto h-col-md-auto h-col-auto style-250-outer style-local-11-c8-outer\">\n            <div data-colibri-id=\"11-c8\" class=\"d-flex h-flex-basis h-column__inner h-px-lg-2 h-px-md-2 h-px-2 v-inner-lg-2 v-inner-md-2 v-inner-2 style-250 style-local-11-c8 position-relative\">\n              <!---->\n              <!---->\n              <div class=\"w-100 h-y-container h-column__content h-column__v-align flex-basis-100 align-self-lg-start align-self-md-start align-self-start\">\n                <!---->\n                <div data-colibri-id=\"11-c9\" class=\"d-block style-256 style-local-11-c9 position-relative h-element\">\n                  <!---->\n                  <div class=\"h-image__frame-container-outer\">\n                    <div class=\"h-image__frame-container\">\n                      <!---->\n                      <!---->\n                      <img loading=\"lazy\" decoding=\"async\" width=\"500\" height=\"500\" src=\"http:\/\/picherot-sophrologie.fr\/wp-content\/uploads\/2025\/10\/cropped-doula.jpg\" class=\"wp-image-238 style-256-image style-local-11-c9-image\" alt=\"doula lille\" srcset=\"https:\/\/picherot-sophrologie.fr\/wp-content\/uploads\/2025\/10\/cropped-doula.jpg 500w, https:\/\/picherot-sophrologie.fr\/wp-content\/uploads\/2025\/10\/cropped-doula-300x300.jpg 300w, https:\/\/picherot-sophrologie.fr\/wp-content\/uploads\/2025\/10\/cropped-doula-150x150.jpg 150w\" sizes=\"auto, (max-width: 500px) 100vw, 500px\" \/>\n                      <div class=\"h-image__frame h-hide-lg h-hide-md h-hide-sm style-256-frameImage style-local-11-c9-frameImage\"><\/div>\n                    <\/div>\n                  <\/div>\n                <\/div>\n              <\/div>\n            <\/div>\n          <\/div>\n          <div class=\"h-column h-column-container d-flex h-col-lg-auto h-col-md-auto h-col-auto style-251-outer style-local-11-c10-outer\">\n            <div data-colibri-id=\"11-c10\" class=\"d-flex h-flex-basis h-column__inner h-px-lg-2 h-px-md-2 h-px-2 v-inner-lg-2 v-inner-md-2 v-inner-2 style-251 style-local-11-c10 position-relative\">\n              <!---->\n              <!---->\n              <div class=\"w-100 h-y-container h-column__content h-column__v-align flex-basis-100 align-self-lg-start align-self-md-start align-self-start\">\n                <!---->\n                <div data-colibri-id=\"11-c11\" class=\"d-block style-255 style-local-11-c11 position-relative h-element\">\n                  <!---->\n                  <div class=\"h-image__frame-container-outer\">\n                    <div class=\"h-image__frame-container\">\n                      <!---->\n                      <!---->\n                      <img loading=\"lazy\" decoding=\"async\" width=\"500\" height=\"500\" src=\"http:\/\/picherot-sophrologie.fr\/wp-content\/uploads\/2025\/10\/cropped-cropped-massages.jpg\" class=\"wp-image-239 style-255-image style-local-11-c11-image\" alt=\"massages rebozo soins corporels Lille\" srcset=\"https:\/\/picherot-sophrologie.fr\/wp-content\/uploads\/2025\/10\/cropped-cropped-massages.jpg 500w, https:\/\/picherot-sophrologie.fr\/wp-content\/uploads\/2025\/10\/cropped-cropped-massages-300x300.jpg 300w, https:\/\/picherot-sophrologie.fr\/wp-content\/uploads\/2025\/10\/cropped-cropped-massages-150x150.jpg 150w\" sizes=\"auto, (max-width: 500px) 100vw, 500px\" \/>\n                      <div class=\"h-image__frame h-hide-lg h-hide-md h-hide-sm style-255-frameImage style-local-11-c11-frameImage\"><\/div>\n                    <\/div>\n                  <\/div>\n                <\/div>\n              <\/div>\n            <\/div>\n          <\/div>\n          <div class=\"h-column h-column-container d-flex h-col-lg-auto h-col-md-auto h-col-auto style-252-outer style-local-11-c12-outer\">\n            <div data-colibri-id=\"11-c12\" class=\"d-flex h-flex-basis h-column__inner h-px-lg-2 h-px-md-2 h-px-2 v-inner-lg-2 v-inner-md-2 v-inner-2 style-252 style-local-11-c12 position-relative\">\n              <!---->\n              <!---->\n              <div class=\"w-100 h-y-container h-column__content h-column__v-align flex-basis-100 align-self-lg-start align-self-md-start align-self-start\">\n                <!---->\n                <div data-colibri-id=\"11-c13\" class=\"d-block style-260 style-local-11-c13 position-relative h-element\">\n                  <!---->\n                  <div class=\"h-image__frame-container-outer\">\n                    <div class=\"h-image__frame-container\">\n                      <!---->\n                      <!---->\n                      <img loading=\"lazy\" decoding=\"async\" width=\"500\" height=\"500\" src=\"http:\/\/picherot-sophrologie.fr\/wp-content\/uploads\/2025\/10\/cropped-yin-yoga.jpg\" class=\"wp-image-240 style-260-image style-local-11-c13-image\" alt=\"yin yoga accompagnement Lille\" srcset=\"https:\/\/picherot-sophrologie.fr\/wp-content\/uploads\/2025\/10\/cropped-yin-yoga.jpg 500w, https:\/\/picherot-sophrologie.fr\/wp-content\/uploads\/2025\/10\/cropped-yin-yoga-300x300.jpg 300w, https:\/\/picherot-sophrologie.fr\/wp-content\/uploads\/2025\/10\/cropped-yin-yoga-150x150.jpg 150w\" sizes=\"auto, (max-width: 500px) 100vw, 500px\" \/>\n                      <div class=\"h-image__frame h-hide-lg h-hide-md h-hide-sm style-260-frameImage style-local-11-c13-frameImage\"><\/div>\n                    <\/div>\n                  <\/div>\n                <\/div>\n              <\/div>\n            <\/div>\n          <\/div>\n        <\/div>\n      <\/div>\n      <div data-colibri-id=\"11-c14\" class=\"h-row-container gutters-row-lg-2 gutters-row-md-2 gutters-row-0 gutters-row-v-lg-2 gutters-row-v-md-2 gutters-row-v-2 style-268 style-local-11-c14 position-relative\">\n        <!---->\n        <div class=\"h-row justify-content-lg-center justify-content-md-center justify-content-center align-items-lg-stretch align-items-md-stretch align-items-stretch gutters-col-lg-2 gutters-col-md-2 gutters-col-0 gutters-col-v-lg-2 gutters-col-v-md-2 gutters-col-v-2\">\n          <!---->\n          <div class=\"h-column h-column-container d-flex h-col-lg-auto h-col-md-auto h-col-auto style-269-outer style-local-11-c15-outer\">\n            <div data-colibri-id=\"11-c15\" class=\"d-flex h-flex-basis h-column__inner h-px-lg-2 h-px-md-2 h-px-2 v-inner-lg-2 v-inner-md-2 v-inner-2 style-269 style-local-11-c15 position-relative\">\n              <!---->\n              <!---->\n              <div class=\"w-100 h-y-container h-column__content h-column__v-align flex-basis-100 align-self-lg-start align-self-md-start align-self-start\">\n                <!---->\n                <div data-colibri-id=\"11-c16\" class=\"h-text h-text-component style-270 style-local-11-c16 position-relative h-element\">\n                  <!---->\n                  <!---->\n                  <div class=\"\">\n                    <p>Un accompagnement unique et centr\u00e9 sur la personne afin de r\u00e9\u00e9quilibrer,<\/p>\n                    <p>d&rsquo;accompagner le quotidien ou encore de pr\u00e9parer un \u00e9v\u00e8nement.<\/p>\n                  <\/div>\n                <\/div>\n              <\/div>\n            <\/div>\n          <\/div>\n        <\/div>\n      <\/div>\n    <\/div>\n  <\/div>\n  <div data-colibri-component=\"section\" data-colibri-id=\"11-c17\" id=\"custom\" class=\"h-section h-section-global-spacing d-flex align-items-lg-center align-items-md-center align-items-center style-279 style-local-11-c17 position-relative\">\n    <!---->\n    <!---->\n    <div class=\"h-section-grid-container h-section-boxed-container\">\n      <!---->\n      <div data-colibri-id=\"11-c18\" class=\"h-row-container gutters-row-lg-2 gutters-row-md-2 gutters-row-0 gutters-row-v-lg-2 gutters-row-v-md-2 gutters-row-v-2 style-280 style-local-11-c18 position-relative\">\n        <!---->\n        <div class=\"h-row justify-content-lg-center justify-content-md-center justify-content-center align-items-lg-stretch align-items-md-stretch align-items-stretch gutters-col-lg-2 gutters-col-md-2 gutters-col-0 gutters-col-v-lg-2 gutters-col-v-md-2 gutters-col-v-2\">\n          <!---->\n          <div class=\"h-column h-column-container d-flex h-col-lg-auto h-col-md-auto h-col-auto style-281-outer style-local-11-c19-outer\">\n            <div data-colibri-id=\"11-c19\" class=\"d-flex h-flex-basis h-column__inner h-px-lg-2 h-px-md-2 h-px-2 v-inner-lg-2 v-inner-md-2 v-inner-2 style-281 style-local-11-c19 position-relative\">\n              <!---->\n              <!---->\n              <div class=\"w-100 h-y-container h-column__content h-column__v-align flex-basis-100 align-self-lg-start align-self-md-start align-self-start\">\n                <!---->\n                <div data-colibri-id=\"11-c21\" class=\"d-block style-283 style-local-11-c21 position-relative h-element\">\n                  <!---->\n                  <div class=\"h-image__frame-container-outer\">\n                    <div class=\"h-image__frame-container\">\n                      <!---->\n                      <!---->\n                      <img loading=\"lazy\" decoding=\"async\" width=\"1704\" height=\"1707\" src=\"http:\/\/picherot-sophrologie.fr\/wp-content\/uploads\/2025\/10\/cropped-Devenir-mere-web-LouveDesBois-61-2-scaled-1.jpg\" class=\"wp-image-275 style-283-image style-local-11-c21-image\" alt=\"photo pro sophrologue doula Lille\" srcset=\"https:\/\/picherot-sophrologie.fr\/wp-content\/uploads\/2025\/10\/cropped-Devenir-mere-web-LouveDesBois-61-2-scaled-1.jpg 1704w, https:\/\/picherot-sophrologie.fr\/wp-content\/uploads\/2025\/10\/cropped-Devenir-mere-web-LouveDesBois-61-2-scaled-1-300x300.jpg 300w, https:\/\/picherot-sophrologie.fr\/wp-content\/uploads\/2025\/10\/cropped-Devenir-mere-web-LouveDesBois-61-2-scaled-1-1022x1024.jpg 1022w, https:\/\/picherot-sophrologie.fr\/wp-content\/uploads\/2025\/10\/cropped-Devenir-mere-web-LouveDesBois-61-2-scaled-1-150x150.jpg 150w, https:\/\/picherot-sophrologie.fr\/wp-content\/uploads\/2025\/10\/cropped-Devenir-mere-web-LouveDesBois-61-2-scaled-1-768x769.jpg 768w, https:\/\/picherot-sophrologie.fr\/wp-content\/uploads\/2025\/10\/cropped-Devenir-mere-web-LouveDesBois-61-2-scaled-1-1533x1536.jpg 1533w\" sizes=\"auto, (max-width: 1704px) 100vw, 1704px\" \/>\n                      <div class=\"h-image__frame h-hide-lg h-hide-md h-hide-sm style-283-frameImage style-local-11-c21-frameImage\"><\/div>\n                    <\/div>\n                  <\/div>\n                <\/div>\n              <\/div>\n            <\/div>\n          <\/div>\n          <div class=\"h-column h-column-container d-flex h-col-lg-auto h-col-md-auto h-col-auto style-282-outer style-local-11-c20-outer\">\n            <div data-colibri-id=\"11-c20\" class=\"d-flex h-flex-basis h-column__inner h-px-lg-2 h-px-md-2 h-px-2 v-inner-lg-2 v-inner-md-2 v-inner-2 style-282 style-local-11-c20 position-relative\">\n              <!---->\n              <!---->\n              <div class=\"w-100 h-y-container h-column__content h-column__v-align flex-basis-100 align-self-lg-start align-self-md-start align-self-start\">\n                <!---->\n                <div data-colibri-id=\"11-c22\" class=\"h-text h-text-component style-284 style-local-11-c22 position-relative h-element\">\n                  <!---->\n                  <!---->\n                  <div class=\"\">\n                    <p>Je suis C\u00e9line Picherot, sophrologue RNCP, doula, enseignante de yin yoga, praticienne du soin rituel Rebozo \u2026 autant de casquettes pour accompagner la Femme tout au long de sa vie.<\/p>\n                    <p>\n                      <br>\n                    <\/p>\n                    <p>Historiquement, j\u2019ai commenc\u00e9 par une formation en sophrologie au sein de l\u2019Institut de Sophrologie Humaniste de Lille (ISH lien). C\u2019\u00e9tait une formation tr\u00e8s riche, exp\u00e9rientielle et vivantielle sur 2 ans.<\/p>\n                    <p>J\u2019ai r\u00e9alis\u00e9 une premi\u00e8re sp\u00e9cialisation dans la Pr\u00e9paration Mentale et Sportive. Puis je me suis sp\u00e9cialis\u00e9e dans l\u2019accompagnement au f\u00e9minin notamment dans l\u2019accompagnement du parcours PMA, le d\u00e9sir d\u2019enfant, le suivi de grossesse,\n                      l\u2019accompagnement de la parentalit\u00e9, le post-partum \u2026<\/p>\n                  <\/div>\n                <\/div>\n              <\/div>\n            <\/div>\n          <\/div>\n        <\/div>\n      <\/div>\n    <\/div>\n  <\/div>\n<\/div>","protected":false},"excerpt":{"rendered":"<p>Un accompagnement unique et centr\u00e9 sur la personne afin de r\u00e9\u00e9quilibrer, d&rsquo;accompagner le quotidien ou encore de pr\u00e9parer un \u00e9v\u00e8nement. Je suis C\u00e9line Picherot, sophrologue RNCP, doula, enseignante de yin yoga, praticienne du soin rituel Rebozo \u2026 autant de casquettes pour accompagner la Femme tout au long de sa vie. Historiquement, j\u2019ai commenc\u00e9 par une [&hellip;]<\/p>\n","protected":false},"author":1,"featured_media":0,"parent":0,"menu_order":0,"comment_status":"closed","ping_status":"closed","template":"page-templates\/homepage.php","meta":{"footnotes":""},"class_list":["post-11","page","type-page","status-publish","hentry"],"_links":{"self":[{"href":"https:\/\/picherot-sophrologie.fr\/index.php\/wp-json\/wp\/v2\/pages\/11","targetHints":{"allow":["GET"]}}],"collection":[{"href":"https:\/\/picherot-sophrologie.fr\/index.php\/wp-json\/wp\/v2\/pages"}],"about":[{"href":"https:\/\/picherot-sophrologie.fr\/index.php\/wp-json\/wp\/v2\/types\/page"}],"author":[{"embeddable":true,"href":"https:\/\/picherot-sophrologie.fr\/index.php\/wp-json\/wp\/v2\/users\/1"}],"replies":[{"embeddable":true,"href":"https:\/\/picherot-sophrologie.fr\/index.php\/wp-json\/wp\/v2\/comments?post=11"}],"version-history":[{"count":18,"href":"https:\/\/picherot-sophrologie.fr\/index.php\/wp-json\/wp\/v2\/pages\/11\/revisions"}],"predecessor-version":[{"id":277,"href":"https:\/\/picherot-sophrologie.fr\/index.php\/wp-json\/wp\/v2\/pages\/11\/revisions\/277"}],"wp:attachment":[{"href":"https:\/\/picherot-sophrologie.fr\/index.php\/wp-json\/wp\/v2\/media?parent=11"}],"curies":[{"name":"wp","href":"https:\/\/api.w.org\/{rel}","templated":true}]}}